{"id":179,"date":"2017-05-08T13:23:07","date_gmt":"2017-05-08T11:23:07","guid":{"rendered":"http:\/\/www.steraptica.eu\/?page_id=179"},"modified":"2022-10-21T18:24:52","modified_gmt":"2022-10-21T16:24:52","slug":"mcdata-di-massimo-cafasso","status":"publish","type":"page","link":"https:\/\/www.mc-data.it\/?page_id=179","title":{"rendered":"MCDATA"},"content":{"rendered":"\n<h1 class=\"has-text-align-center wp-block-heading\"><\/h1>\n\n\n\n<figure class=\"wp-block-image size-large\"><img loading=\"lazy\" decoding=\"async\" width=\"1024\" height=\"463\" data-attachment-id=\"1004\" data-permalink=\"https:\/\/www.mc-data.it\/?attachment_id=1004\" data-orig-file=\"https:\/\/www.mc-data.it\/wp-content\/uploads\/2021\/08\/Home_MC_Small-e1628849489506.jpg\" data-orig-size=\"1920,868\" data-comments-opened=\"1\" data-image-meta=\"{&quot;aperture&quot;:&quot;0&quot;,&quot;credit&quot;:&quot;&quot;,&quot;camera&quot;:&quot;&quot;,&quot;caption&quot;:&quot;&quot;,&quot;created_timestamp&quot;:&quot;0&quot;,&quot;copyright&quot;:&quot;&quot;,&quot;focal_length&quot;:&quot;0&quot;,&quot;iso&quot;:&quot;0&quot;,&quot;shutter_speed&quot;:&quot;0&quot;,&quot;title&quot;:&quot;&quot;,&quot;orientation&quot;:&quot;0&quot;}\" data-image-title=\"Home_MC_Small\" data-image-description=\"\" data-image-caption=\"\" data-medium-file=\"https:\/\/www.mc-data.it\/wp-content\/uploads\/2021\/08\/Home_MC_Small-e1628849489506-300x136.jpg\" data-large-file=\"https:\/\/www.mc-data.it\/wp-content\/uploads\/2021\/08\/Home_MC_Small-e1628849489506-1024x463.jpg\" src=\"https:\/\/www.mc-data.it\/wp-content\/uploads\/2021\/08\/Home_MC_Small-e1628849489506-1024x463.jpg\" alt=\"\" class=\"wp-image-1004\" srcset=\"https:\/\/www.mc-data.it\/wp-content\/uploads\/2021\/08\/Home_MC_Small-e1628849489506-1024x463.jpg 1024w, https:\/\/www.mc-data.it\/wp-content\/uploads\/2021\/08\/Home_MC_Small-e1628849489506-300x136.jpg 300w, https:\/\/www.mc-data.it\/wp-content\/uploads\/2021\/08\/Home_MC_Small-e1628849489506-768x347.jpg 768w, https:\/\/www.mc-data.it\/wp-content\/uploads\/2021\/08\/Home_MC_Small-e1628849489506-1536x694.jpg 1536w, https:\/\/www.mc-data.it\/wp-content\/uploads\/2021\/08\/Home_MC_Small-e1628849489506.jpg 1920w\" sizes=\"auto, (max-width: 1024px) 100vw, 1024px\" \/><\/figure>\n\n\n\n<p>Il progetto MCDATA di protezione dei dati Informatici a tutto tondo nasce ad inizio 2017. Dopo pluriennale esperienza maturata nel campo dell&#8217;nformation Security in collaborazione con Microdata Telemation S.r.l.<\/p>\n\n\n\n<p>Frutto della pi\u00f9 che decennale esperienza in questo settore, Massimo Cafasso fonda la MCDATA la cui mission \u00e8 mettere a disposizione di Professionisti, Micro e Piccole Imprese le proprie conoscenze nel settore dell&#8217;Information Security.<\/p>\n\n\n\n<p>A seguito di approfonditi e fruttuosi corsi di aggiornamento, in tempi recenti, MCDATA entra a pieno titolo nel mondo della Cyber Security, come partner Microsoft, Cisco, Zyxel, pronta per le certificazioni CompTIA Security+ e CEH.<\/p>\n\n\n\n<p>Obiettivo della nostra esperienza \u00e8 aiutare e supportare chiunque ne abbia bisogno a tutelarsi in questa esponenziale giungla informatica, in cui i pericoli, sempre pi\u00f9, da virtuali diventano reali.<\/p>\n\n\n\n<p>Oggi, con gli strumenti Informatici reperibili, pi\u00f9 o meno gratuitamente, in&nbsp; Rete, la distanza fisica non \u00e8 pi\u00f9 un ostacolo per offrire assistenza su postazioni fisse, mobili, smartphone , tablet o Server. Anche da remoto \u00e8 possibile risolvere problemi che questi, immancabilmente, creano. <\/p>\n\n\n\n<p>MCDATA si presenta, dunque, come <em>Partner <\/em>Informatico. Dovunque ci sia una difficolt\u00e0, un problema, un Bit che scappa, MCDATA interviene.<\/p>\n","protected":false},"excerpt":{"rendered":"<p class=\"qua-blog-post-description\">Il progetto MCDATA di protezione dei dati Informatici a tutto tondo nasce ad inizio 2017. Dopo pluriennale esperienza maturata nel campo dell&#8217;nformation Security in collaborazione con Microdata Telemation S.r.l. Frutto della pi\u00f9 che decennale esperienza in questo settore, Massimo Cafasso fonda la MCDATA la cui mission \u00e8 mettere a disposizione di Professionisti, Micro e Piccole [&hellip;]<\/p>\n","protected":false},"author":1,"featured_media":0,"parent":0,"menu_order":0,"comment_status":"closed","ping_status":"closed","template":"full-width.php","meta":{"om_disable_all_campaigns":false,"_monsterinsights_skip_tracking":false,"_monsterinsights_sitenote_active":false,"_monsterinsights_sitenote_note":"","_monsterinsights_sitenote_category":0,"jetpack_post_was_ever_published":false,"footnotes":""},"class_list":["post-179","page","type-page","status-publish","hentry"],"jetpack_sharing_enabled":true,"jetpack_shortlink":"https:\/\/wp.me\/P9p8lv-2T","jetpack_likes_enabled":true,"_links":{"self":[{"href":"https:\/\/www.mc-data.it\/index.php?rest_route=\/wp\/v2\/pages\/179","targetHints":{"allow":["GET"]}}],"collection":[{"href":"https:\/\/www.mc-data.it\/index.php?rest_route=\/wp\/v2\/pages"}],"about":[{"href":"https:\/\/www.mc-data.it\/index.php?rest_route=\/wp\/v2\/types\/page"}],"author":[{"embeddable":true,"href":"https:\/\/www.mc-data.it\/index.php?rest_route=\/wp\/v2\/users\/1"}],"replies":[{"embeddable":true,"href":"https:\/\/www.mc-data.it\/index.php?rest_route=%2Fwp%2Fv2%2Fcomments&post=179"}],"version-history":[{"count":27,"href":"https:\/\/www.mc-data.it\/index.php?rest_route=\/wp\/v2\/pages\/179\/revisions"}],"predecessor-version":[{"id":1236,"href":"https:\/\/www.mc-data.it\/index.php?rest_route=\/wp\/v2\/pages\/179\/revisions\/1236"}],"wp:attachment":[{"href":"https:\/\/www.mc-data.it\/index.php?rest_route=%2Fwp%2Fv2%2Fmedia&parent=179"}],"curies":[{"name":"wp","href":"https:\/\/api.w.org\/{rel}","templated":true}]}}